{"id":880,"date":"2021-01-29T16:42:17","date_gmt":"2021-01-29T16:42:17","guid":{"rendered":"https:\/\/avadawebsites.wpengine.com\/mechanic\/?page_id=880"},"modified":"2025-02-04T08:53:20","modified_gmt":"2025-02-04T07:53:20","slug":"serwis-samochodow-dostawczych","status":"publish","type":"page","link":"https:\/\/przem-car.pl\/index.php\/serwis-samochodow-dostawczych\/","title":{"rendered":"Serwis samochod\u00f3w dostawczych"},"content":{"rendered":"<p><div class=\"fusion-fullwidth fullwidth-box fusion-builder-row-1 fusion-flex-container hundred-percent-fullwidth non-hundred-percent-height-scrolling\" style=\"--awb-background-position:left top;--awb-background-blend-mode:screen;--awb-border-radius-top-left:0px;--awb-border-radius-top-right:0px;--awb-border-radius-bottom-right:0px;--awb-border-radius-bottom-left:0px;--awb-padding-top:0px;--awb-padding-right:0px;--awb-padding-bottom:0px;--awb-padding-left:00px;--awb-padding-top-medium:0px;--awb-padding-bottom-medium:0px;--awb-padding-top-small:0px;--awb-margin-bottom:115px;--awb-margin-bottom-medium:70px;--awb-flex-wrap:wrap;\" ><div class=\"fusion-builder-row fusion-row fusion-flex-align-items-stretch fusion-flex-justify-content-center fusion-flex-content-wrap\" style=\"width:calc( 100% + 0px ) !important;max-width:calc( 100% + 0px ) !important;margin-left: calc(-0px \/ 2 );margin-right: calc(-0px \/ 2 );\"><div class=\"fusion-layout-column fusion_builder_column fusion-builder-column-0 fusion-flex-column\" style=\"--awb-bg-image:linear-gradient(180deg, rgba(0,28,82,0) 65%,var(--awb-color7) 100%);;--awb-bg-position:left center;--awb-bg-blend:overlay;--awb-bg-size:cover;--awb-width-large:45%;--awb-margin-top-large:0px;--awb-spacing-right-large:0px;--awb-margin-bottom-large:0px;--awb-spacing-left-large:0px;--awb-width-medium:45%;--awb-order-medium:0;--awb-spacing-right-medium:0px;--awb-spacing-left-medium:0px;--awb-width-small:100%;--awb-order-small:0;--awb-spacing-right-small:0px;--awb-spacing-left-small:0px;\" data-scroll-devices=\"small-visibility,medium-visibility,large-visibility\"><div class=\"fusion-column-wrapper lazyload fusion-column-has-shadow fusion-flex-justify-content-flex-end fusion-content-layout-column fusion-empty-column-bg-image fusion-column-has-bg-image\" data-bg-url=\"https:\/\/przem-car.pl\/wp-content\/uploads\/2025\/01\/1306x778_banner4.jpg\" data-bg=\"https:\/\/przem-car.pl\/wp-content\/uploads\/2025\/01\/1306x778_banner4.jpg\" data-bg-gradient=\"linear-gradient(180deg, rgba(0,28,82,0) 65%,var(--awb-color7) 100%)\"><img decoding=\"async\" class=\"fusion-empty-dims-img-placeholder fusion-no-large-visibility fusion-no-medium-visibility\" aria-label=\"1306x778_banner4\" src=\"data:image\/svg+xml,%3Csvg%20xmlns%3D%27http%3A%2F%2Fwww.w3.org%2F2000%2Fsvg%27%20width%3D%271306%27%20height%3D%27778%27%20viewBox%3D%270%200%201306%20778%27%3E%3Crect%20width%3D%271306%27%20height%3D%27778%27%20fill-opacity%3D%220%22%2F%3E%3C%2Fsvg%3E\"><\/div><\/div><div class=\"fusion-layout-column fusion_builder_column fusion-builder-column-1 fusion-flex-column\" style=\"--awb-padding-top:7.5vw;--awb-padding-right:7.5vw;--awb-padding-bottom:7.5vw;--awb-padding-left:7.5vw;--awb-padding-top-small:11vw;--awb-padding-right-small:11vw;--awb-padding-bottom-small:11vw;--awb-padding-left-small:11vw;--awb-bg-color:hsla(var(--awb-color5-h),var(--awb-color5-s),calc(var(--awb-color5-l) - 9%),var(--awb-color5-a));--awb-bg-color-hover:hsla(var(--awb-color5-h),var(--awb-color5-s),calc(var(--awb-color5-l) - 9%),var(--awb-color5-a));--awb-bg-size:cover;--awb-width-large:55%;--awb-margin-top-large:0px;--awb-spacing-right-large:0px;--awb-margin-bottom-large:0px;--awb-spacing-left-large:0px;--awb-width-medium:55%;--awb-order-medium:0;--awb-spacing-right-medium:0px;--awb-spacing-left-medium:0px;--awb-width-small:100%;--awb-order-small:1;--awb-spacing-right-small:0px;--awb-spacing-left-small:0px;\"><div class=\"fusion-column-wrapper fusion-column-has-shadow fusion-flex-justify-content-flex-start fusion-content-layout-column\"><div class=\"fusion-text fusion-text-1\" style=\"--awb-font-size:19px;--awb-text-color:var(--awb-color4);\"><p>Witaj w Przem-Car !!!<\/p>\n<\/div><div class=\"fusion-title title fusion-title-1 fusion-sep-none fusion-title-text fusion-title-size-one\" style=\"--awb-text-color:var(--awb-color1);--awb-margin-bottom:20px;--awb-font-size:50px;\"><h1 class=\"fusion-title-heading title-heading-left\" style=\"margin:0;font-size:1em;line-height:1.3em;\">SERWIS SAMOCHOD\u00d3W DOSTAWCZYCH<\/h1><\/div><div class=\"fusion-text fusion-text-2\" style=\"--awb-text-color:hsla(var(--awb-color1-h),var(--awb-color1-s),var(--awb-color1-l),calc( var(--awb-color1-a) - 30% ));\"><p>Profesjonalny serwis samochod\u00f3w dostawczych<\/p>\n<\/div><\/div><\/div><\/div><\/div><div class=\"fusion-fullwidth fullwidth-box fusion-builder-row-2 fusion-flex-container nonhundred-percent-fullwidth non-hundred-percent-height-scrolling\" style=\"--awb-border-radius-top-left:0px;--awb-border-radius-top-right:0px;--awb-border-radius-bottom-right:0px;--awb-border-radius-bottom-left:0px;--awb-margin-bottom:115px;--awb-margin-bottom-medium:70px;--awb-margin-bottom-small:70px;--awb-flex-wrap:wrap;\" ><div class=\"fusion-builder-row fusion-row fusion-flex-align-items-flex-start fusion-flex-content-wrap\" style=\"max-width:1424.8px;margin-left: calc(-4% \/ 2 );margin-right: calc(-4% \/ 2 );\"><div class=\"fusion-layout-column fusion_builder_column fusion-builder-column-2 fusion_builder_column_1_2 1_2 fusion-flex-column\" style=\"--awb-padding-top:20px;--awb-padding-top-medium:0px;--awb-padding-top-small:0px;--awb-bg-size:cover;--awb-width-large:50%;--awb-margin-top-large:0px;--awb-spacing-right-large:3.84%;--awb-margin-bottom-large:0px;--awb-spacing-left-large:3.84%;--awb-width-medium:33.333333333333%;--awb-order-medium:0;--awb-spacing-right-medium:5.76%;--awb-spacing-left-medium:5.76%;--awb-width-small:100%;--awb-order-small:0;--awb-spacing-right-small:1.92%;--awb-margin-bottom-small:60px;--awb-spacing-left-small:1.92%;\"><div class=\"fusion-column-wrapper fusion-column-has-shadow fusion-flex-justify-content-flex-start fusion-content-layout-column\"><div class=\"fusion-title title fusion-title-2 fusion-no-large-visibility fusion-sep-none fusion-title-text fusion-title-size-two\" style=\"--awb-font-size:25px;\"><h2 class=\"fusion-title-heading title-heading-left\" style=\"margin:0;font-size:1em;line-height:1.3em;\">Niezawodny serwisu dla swojego samochodu dostawczego<\/h2><\/div><div class=\"fusion-title title fusion-title-3 fusion-no-small-visibility fusion-no-medium-visibility fusion-sep-none fusion-title-text fusion-title-size-two\" style=\"--awb-font-size:33px;\"><h2 class=\"fusion-title-heading title-heading-left\" style=\"margin:0;font-size:1em;line-height:1.3em;\">Niezawodny serwisu dla swojego samochodu dostawczego<\/h2><\/div><div class=\"fusion-text fusion-text-3\"><p>Nasza firma oferuje kompleksow\u0105 obs\u0142ug\u0119 pojazd\u00f3w u\u017cytkowych, dbaj\u0105c o ich sprawno\u015b\u0107 i bezpiecze\u0144stwo. Dzi\u0119ki do\u015bwiadczeniu, specjalistycznemu sprz\u0119towi i zespo\u0142owi wykwalifikowanych mechanik\u00f3w, mo\u017cemy zaoferowa\u0107 us\u0142ugi na najwy\u017cszym poziomie.<\/p>\n<\/div><div class=\"fusion-title title fusion-title-4 fusion-no-large-visibility fusion-sep-none fusion-title-text fusion-title-size-two\" style=\"--awb-font-size:25px;\"><h2 class=\"fusion-title-heading title-heading-left\" style=\"margin:0;font-size:1em;line-height:1.3em;\">Co nas wyr\u00f3\u017cnia?<\/h2><\/div><div class=\"fusion-title title fusion-title-5 fusion-no-small-visibility fusion-no-medium-visibility fusion-sep-none fusion-title-text fusion-title-size-two\" style=\"--awb-font-size:33px;\"><h2 class=\"fusion-title-heading title-heading-left\" style=\"margin:0;font-size:1em;line-height:1.3em;\">Co nas wyr\u00f3\u017cnia?<\/h2><\/div><ul style=\"--awb-line-height:27.2px;--awb-icon-width:27.2px;--awb-icon-height:27.2px;--awb-icon-margin:11.2px;--awb-content-margin:38.4px;--awb-circlecolor:var(--awb-color5);--awb-circle-yes-font-size:14.08px;\" class=\"fusion-checklist fusion-checklist-1 fusion-checklist-default type-icons\"><li class=\"fusion-li-item\" style=\"\"><span class=\"icon-wrapper circle-yes\"><i class=\"fusion-li-icon awb-icon-check\" aria-hidden=\"true\"><\/i><\/span><div class=\"fusion-li-item-content\">\n<p><strong>Szybka diagnoza i naprawy<\/strong> \u2013 Przest\u00f3j to dla Ciebie stracony czas, dlatego stawiamy na efektywno\u015b\u0107.<\/p>\n<\/div><\/li><li class=\"fusion-li-item\" style=\"\"><span class=\"icon-wrapper circle-yes\"><i class=\"fusion-li-icon awb-icon-check\" aria-hidden=\"true\"><\/i><\/span><div class=\"fusion-li-item-content\">\n<p><strong>Profesjonalizm<\/strong> \u2013 Ka\u017cda naprawa jest realizowana zgodnie z najwy\u017cszymi standardami jako\u015bci.<\/p>\n<\/div><\/li><li class=\"fusion-li-item\" style=\"\"><span class=\"icon-wrapper circle-yes\"><i class=\"fusion-li-icon awb-icon-check\" aria-hidden=\"true\"><\/i><\/span><div class=\"fusion-li-item-content\">\n<p><strong>Dba\u0142o\u015b\u0107 o detale<\/strong> \u2013 Niezale\u017cnie od skali us\u0142ugi, dbamy o ka\u017cdy element pojazdu.<\/p>\n<\/div><\/li><li class=\"fusion-li-item\" style=\"\"><span class=\"icon-wrapper circle-yes\"><i class=\"fusion-li-icon awb-icon-check\" aria-hidden=\"true\"><\/i><\/span><div class=\"fusion-li-item-content\">\n<p><strong>Zaufanie klient\u00f3w<\/strong> \u2013 Jako\u015b\u0107 naszej pracy jest potwierdzona przez setki zadowolonych klient\u00f3w.<\/p>\n<\/div><\/li><\/ul><\/div><\/div><div class=\"fusion-layout-column fusion_builder_column fusion-builder-column-3 fusion_builder_column_1_2 1_2 fusion-flex-column fusion-flex-align-self-center\" style=\"--awb-overflow:hidden;--awb-bg-color:var(--awb-color1);--awb-bg-color-hover:var(--awb-color1);--awb-bg-size:cover;--awb-box-shadow:0px 4px 25px 0px hsla(var(--awb-color8-h),var(--awb-color8-s),var(--awb-color8-l),calc( var(--awb-color8-a) - 93% ));;--awb-border-color:var(--awb-color4);--awb-border-bottom:7px;--awb-border-style:solid;--awb-border-radius:6px 6px 6px 6px;--awb-width-large:50%;--awb-margin-top-large:0px;--awb-spacing-right-large:3.84%;--awb-margin-bottom-large:0px;--awb-spacing-left-large:3.84%;--awb-width-medium:33.333333333333%;--awb-order-medium:0;--awb-spacing-right-medium:5.76%;--awb-spacing-left-medium:5.76%;--awb-width-small:100%;--awb-order-small:0;--awb-spacing-right-small:1.92%;--awb-spacing-left-small:1.92%;\" data-scroll-devices=\"small-visibility,medium-visibility,large-visibility\"><div class=\"fusion-column-wrapper fusion-column-has-shadow fusion-flex-justify-content-center fusion-content-layout-column\"><div class=\"fusion-image-element \" style=\"--awb-caption-title-font-family:var(--h2_typography-font-family);--awb-caption-title-font-weight:var(--h2_typography-font-weight);--awb-caption-title-font-style:var(--h2_typography-font-style);--awb-caption-title-size:var(--h2_typography-font-size);--awb-caption-title-transform:var(--h2_typography-text-transform);--awb-caption-title-line-height:var(--h2_typography-line-height);--awb-caption-title-letter-spacing:var(--h2_typography-letter-spacing);\"><span class=\" fusion-imageframe imageframe-none imageframe-1 hover-type-none\"><img decoding=\"async\" width=\"1306\" height=\"778\" title=\"1306x778_banner5\" src=\"https:\/\/przem-car.pl\/wp-content\/uploads\/2025\/01\/1306x778_banner5.jpg\" data-orig-src=\"https:\/\/przem-car.pl\/wp-content\/uploads\/2025\/01\/1306x778_banner5.jpg\" alt class=\"lazyload img-responsive wp-image-1594\" srcset=\"data:image\/svg+xml,%3Csvg%20xmlns%3D%27http%3A%2F%2Fwww.w3.org%2F2000%2Fsvg%27%20width%3D%271306%27%20height%3D%27778%27%20viewBox%3D%270%200%201306%20778%27%3E%3Crect%20width%3D%271306%27%20height%3D%27778%27%20fill-opacity%3D%220%22%2F%3E%3C%2Fsvg%3E\" data-srcset=\"https:\/\/przem-car.pl\/wp-content\/uploads\/2025\/01\/1306x778_banner5-200x119.jpg 200w, https:\/\/przem-car.pl\/wp-content\/uploads\/2025\/01\/1306x778_banner5-400x238.jpg 400w, https:\/\/przem-car.pl\/wp-content\/uploads\/2025\/01\/1306x778_banner5-600x357.jpg 600w, https:\/\/przem-car.pl\/wp-content\/uploads\/2025\/01\/1306x778_banner5-800x477.jpg 800w, https:\/\/przem-car.pl\/wp-content\/uploads\/2025\/01\/1306x778_banner5-1200x715.jpg 1200w, https:\/\/przem-car.pl\/wp-content\/uploads\/2025\/01\/1306x778_banner5.jpg 1306w\" data-sizes=\"auto\" data-orig-sizes=\"(max-width: 820px) 100vw, 800px\" \/><\/span><\/div><\/div><\/div><div class=\"fusion-layout-column fusion_builder_column fusion-builder-column-4 fusion_builder_column_1_1 1_1 fusion-flex-column\" style=\"--awb-bg-size:cover;--awb-width-large:100%;--awb-margin-top-large:0px;--awb-spacing-right-large:1.92%;--awb-margin-bottom-large:20px;--awb-spacing-left-large:1.92%;--awb-width-medium:100%;--awb-order-medium:0;--awb-spacing-right-medium:1.92%;--awb-spacing-left-medium:1.92%;--awb-width-small:100%;--awb-order-small:0;--awb-spacing-right-small:1.92%;--awb-spacing-left-small:1.92%;\"><div class=\"fusion-column-wrapper fusion-column-has-shadow fusion-flex-justify-content-flex-start fusion-content-layout-column\"><div class=\"fusion-title title fusion-title-6 fusion-sep-none fusion-title-center fusion-title-text fusion-title-size-five\" style=\"--awb-margin-top:5%;\"><h5 class=\"fusion-title-heading title-heading-center\" style=\"margin:0;\">Od podstawowych przegl\u0105d\u00f3w po skomplikowane naprawy, zapewniamy pe\u0142n\u0105 obs\u0142ug\u0119, kt\u00f3ra pozwoli Ci utrzyma\u0107 samoch\u00f3d dostawczy w doskona\u0142ej kondycji. Zaufaj nam, a Tw\u00f3j pojazd b\u0119dzie w r\u0119kach prawdziwych profesjonalist\u00f3w.<\/h5><\/div><\/div><\/div><\/div><\/div><\/p>\n","protected":false},"excerpt":{"rendered":"","protected":false},"author":2,"featured_media":0,"parent":0,"menu_order":0,"comment_status":"closed","ping_status":"closed","template":"100-width.php","meta":{"footnotes":""},"class_list":["post-880","page","type-page","status-publish","hentry"],"_links":{"self":[{"href":"https:\/\/przem-car.pl\/index.php\/wp-json\/wp\/v2\/pages\/880","targetHints":{"allow":["GET"]}}],"collection":[{"href":"https:\/\/przem-car.pl\/index.php\/wp-json\/wp\/v2\/pages"}],"about":[{"href":"https:\/\/przem-car.pl\/index.php\/wp-json\/wp\/v2\/types\/page"}],"author":[{"embeddable":true,"href":"https:\/\/przem-car.pl\/index.php\/wp-json\/wp\/v2\/users\/2"}],"replies":[{"embeddable":true,"href":"https:\/\/przem-car.pl\/index.php\/wp-json\/wp\/v2\/comments?post=880"}],"version-history":[{"count":39,"href":"https:\/\/przem-car.pl\/index.php\/wp-json\/wp\/v2\/pages\/880\/revisions"}],"predecessor-version":[{"id":1605,"href":"https:\/\/przem-car.pl\/index.php\/wp-json\/wp\/v2\/pages\/880\/revisions\/1605"}],"wp:attachment":[{"href":"https:\/\/przem-car.pl\/index.php\/wp-json\/wp\/v2\/media?parent=880"}],"curies":[{"name":"wp","href":"https:\/\/api.w.org\/{rel}","templated":true}]}}